{"id":26,"date":"2025-07-23T18:49:49","date_gmt":"2025-07-23T18:49:49","guid":{"rendered":"https:\/\/ateliercoeursetames.fr\/?page_id=26"},"modified":"2025-07-23T18:49:49","modified_gmt":"2025-07-23T18:49:49","slug":"instruments-datelier","status":"publish","type":"page","link":"https:\/\/ateliercoeursetames.fr\/?page_id=26","title":{"rendered":"Instruments d&rsquo;Atelier"},"content":{"rendered":"\n<p>Dans mon atelier, les machines et les outils racontent une histoire. J\u2019\u0153uvre \u00e0 <strong>redonner vie aux instruments anciens<\/strong> \u2014 presses de relieur, outils de maroquinerie, cisailles, plioirs ou couteaux \u00e0 parer \u2014 en respectant <strong>l\u2019\u00e2me du geste et la patine du temps<\/strong>.<\/p>\n\n\n\n<p>Chaque restauration est une forme d\u2019hommage au travail de la main, aux m\u00e9tiers d&rsquo;hier. Chaque personnalisation (gravure, patine, teinte, manche fa\u00e7onn\u00e9\u2026) est une mani\u00e8re de <strong>r\u00e9concilier beaut\u00e9, usage et transmission<\/strong>.<\/p>\n\n\n\n<p>Ici, <strong>l\u2019instrument redevient compagnon<\/strong>, porteur de m\u00e9moire et pr\u00eat \u00e0 \u00e9crire de nouveaux chapitres entre les mains d\u2019un artisan, d\u2019un artiste ou d\u2019un collectionneur.<\/p>\n","protected":false},"excerpt":{"rendered":"<p>Dans mon atelier, les machines et les outils racontent une histoire. J\u2019\u0153uvre \u00e0 redonner vie aux instruments anciens \u2014 presses de relieur, outils de maroquinerie, cisailles, plioirs ou couteaux \u00e0 parer \u2014 en respectant l\u2019\u00e2me du geste et la patine du temps. Chaque restauration est une forme d\u2019hommage au travail de la main, aux m\u00e9tiers d&rsquo;hier. Chaque personnalisation (gravure, patine, teinte, manche fa\u00e7onn\u00e9\u2026) est une mani\u00e8re de r\u00e9concilier beaut\u00e9, usage et transmission. Ici, l\u2019instrument redevient compagnon, porteur de m\u00e9moire et&#8230;<\/p>\n<p class=\"read-more\"><a class=\"btn btn-default\" href=\"https:\/\/ateliercoeursetames.fr\/?page_id=26\">Lire la suite<span class=\"screen-reader-text\"> Lire la suite<\/span><\/a><\/p>\n","protected":false},"author":1,"featured_media":0,"parent":0,"menu_order":0,"comment_status":"closed","ping_status":"closed","template":"","meta":{"footnotes":""},"class_list":["post-26","page","type-page","status-publish","hentry"],"_links":{"self":[{"href":"https:\/\/ateliercoeursetames.fr\/index.php?rest_route=\/wp\/v2\/pages\/26","targetHints":{"allow":["GET"]}}],"collection":[{"href":"https:\/\/ateliercoeursetames.fr\/index.php?rest_route=\/wp\/v2\/pages"}],"about":[{"href":"https:\/\/ateliercoeursetames.fr\/index.php?rest_route=\/wp\/v2\/types\/page"}],"author":[{"embeddable":true,"href":"https:\/\/ateliercoeursetames.fr\/index.php?rest_route=\/wp\/v2\/users\/1"}],"replies":[{"embeddable":true,"href":"https:\/\/ateliercoeursetames.fr\/index.php?rest_route=%2Fwp%2Fv2%2Fcomments&post=26"}],"version-history":[{"count":1,"href":"https:\/\/ateliercoeursetames.fr\/index.php?rest_route=\/wp\/v2\/pages\/26\/revisions"}],"predecessor-version":[{"id":27,"href":"https:\/\/ateliercoeursetames.fr\/index.php?rest_route=\/wp\/v2\/pages\/26\/revisions\/27"}],"wp:attachment":[{"href":"https:\/\/ateliercoeursetames.fr\/index.php?rest_route=%2Fwp%2Fv2%2Fmedia&parent=26"}],"curies":[{"name":"wp","href":"https:\/\/api.w.org\/{rel}","templated":true}]}}