{"id":33,"date":"2025-07-23T19:04:34","date_gmt":"2025-07-23T19:04:34","guid":{"rendered":"https:\/\/ateliercoeursetames.fr\/?page_id=33"},"modified":"2025-07-23T19:04:34","modified_gmt":"2025-07-23T19:04:34","slug":"creations-artisanales","status":"publish","type":"page","link":"https:\/\/ateliercoeursetames.fr\/?page_id=33","title":{"rendered":"Cr\u00e9ations Artisanales"},"content":{"rendered":"\n<p>Dans l\u2019atelier, les mati\u00e8res parlent.<\/p>\n\n\n\n<p>Bois patin\u00e9, cuir vivant, fibres naturelles&#8230; Je fa\u00e7onne \u00e0 la main des objets inspir\u00e9s par la <strong>nature, les gestes ancestraux, les savoirs autochtones et les traditions spirituelles<\/strong>.<br>Chaque cr\u00e9ation est une rencontre entre la mati\u00e8re, le souffle du monde et l\u2019intuition du c\u0153ur.<\/p>\n\n\n\n<p>Objets du quotidien ou pi\u00e8ces uniques, ils portent en eux une <strong>pr\u00e9sence sensible<\/strong>, une <strong>m\u00e9moire transmise<\/strong>, une <strong>\u00e9nergie protectrice ou symbolique<\/strong>.<br>Qu\u2019il s\u2019agisse de talismans, carnets reli\u00e9s, coffrets, pi\u00e8ces sculpt\u00e9es ou accessoires rituels, je veille \u00e0 ce que <strong>chaque cr\u00e9ation soit enracin\u00e9e, habit\u00e9e, juste.<\/strong><\/p>\n\n\n\n<p>Cr\u00e9er, c\u2019est pour moi <strong>un acte sacr\u00e9<\/strong>, une mani\u00e8re d\u2019honorer <strong>la beaut\u00e9 du monde et les gestes d\u2019hier<\/strong>, pour qu\u2019ils accompagnent et nourrissent nos vies d\u2019aujourd\u2019hui.<\/p>\n","protected":false},"excerpt":{"rendered":"<p>Dans l\u2019atelier, les mati\u00e8res parlent. Bois patin\u00e9, cuir vivant, fibres naturelles&#8230; Je fa\u00e7onne \u00e0 la main des objets inspir\u00e9s par la nature, les gestes ancestraux, les savoirs autochtones et les traditions spirituelles.Chaque cr\u00e9ation est une rencontre entre la mati\u00e8re, le souffle du monde et l\u2019intuition du c\u0153ur. Objets du quotidien ou pi\u00e8ces uniques, ils portent en eux une pr\u00e9sence sensible, une m\u00e9moire transmise, une \u00e9nergie protectrice ou symbolique.Qu\u2019il s\u2019agisse de talismans, carnets reli\u00e9s, coffrets, pi\u00e8ces sculpt\u00e9es ou accessoires rituels, je&#8230;<\/p>\n<p class=\"read-more\"><a class=\"btn btn-default\" href=\"https:\/\/ateliercoeursetames.fr\/?page_id=33\">Lire la suite<span class=\"screen-reader-text\"> Lire la suite<\/span><\/a><\/p>\n","protected":false},"author":1,"featured_media":0,"parent":0,"menu_order":0,"comment_status":"closed","ping_status":"closed","template":"","meta":{"footnotes":""},"class_list":["post-33","page","type-page","status-publish","hentry"],"_links":{"self":[{"href":"https:\/\/ateliercoeursetames.fr\/index.php?rest_route=\/wp\/v2\/pages\/33","targetHints":{"allow":["GET"]}}],"collection":[{"href":"https:\/\/ateliercoeursetames.fr\/index.php?rest_route=\/wp\/v2\/pages"}],"about":[{"href":"https:\/\/ateliercoeursetames.fr\/index.php?rest_route=\/wp\/v2\/types\/page"}],"author":[{"embeddable":true,"href":"https:\/\/ateliercoeursetames.fr\/index.php?rest_route=\/wp\/v2\/users\/1"}],"replies":[{"embeddable":true,"href":"https:\/\/ateliercoeursetames.fr\/index.php?rest_route=%2Fwp%2Fv2%2Fcomments&post=33"}],"version-history":[{"count":1,"href":"https:\/\/ateliercoeursetames.fr\/index.php?rest_route=\/wp\/v2\/pages\/33\/revisions"}],"predecessor-version":[{"id":34,"href":"https:\/\/ateliercoeursetames.fr\/index.php?rest_route=\/wp\/v2\/pages\/33\/revisions\/34"}],"wp:attachment":[{"href":"https:\/\/ateliercoeursetames.fr\/index.php?rest_route=%2Fwp%2Fv2%2Fmedia&parent=33"}],"curies":[{"name":"wp","href":"https:\/\/api.w.org\/{rel}","templated":true}]}}